{"id":331,"date":"2023-09-29T10:15:54","date_gmt":"2023-09-29T04:15:54","guid":{"rendered":"https:\/\/isabekov.com\/?page_id=331"},"modified":"2023-09-29T10:24:40","modified_gmt":"2023-09-29T04:24:40","slug":"dulat-isabekov-2","status":"publish","type":"page","link":"https:\/\/isabekov.com\/?page_id=331&lang=sv","title":{"rendered":"Dulat Isabekov"},"content":{"rendered":"<p><img loading=\"lazy\" decoding=\"async\" class=\" wp-image-301 aligncenter\" src=\"https:\/\/isabekov.com\/wp-content\/uploads\/2023\/09\/WhatsApp-\u0441\u0443\u0440\u0435\u0442\u0456_-\u0421\u0443\u0440\u0435\u0442-2023-09-28-15.34.26-237x300.jpg\" alt=\"\" width=\"350\" height=\"443\" srcset=\"https:\/\/isabekov.com\/wp-content\/uploads\/2023\/09\/WhatsApp-\u0441\u0443\u0440\u0435\u0442\u0456_-\u0421\u0443\u0440\u0435\u0442-2023-09-28-15.34.26-237x300.jpg 237w, https:\/\/isabekov.com\/wp-content\/uploads\/2023\/09\/WhatsApp-\u0441\u0443\u0440\u0435\u0442\u0456_-\u0421\u0443\u0440\u0435\u0442-2023-09-28-15.34.26-809x1024.jpg 809w, https:\/\/isabekov.com\/wp-content\/uploads\/2023\/09\/WhatsApp-\u0441\u0443\u0440\u0435\u0442\u0456_-\u0421\u0443\u0440\u0435\u0442-2023-09-28-15.34.26-768x972.jpg 768w, https:\/\/isabekov.com\/wp-content\/uploads\/2023\/09\/WhatsApp-\u0441\u0443\u0440\u0435\u0442\u0456_-\u0421\u0443\u0440\u0435\u0442-2023-09-28-15.34.26-269x340.jpg 269w, https:\/\/isabekov.com\/wp-content\/uploads\/2023\/09\/WhatsApp-\u0441\u0443\u0440\u0435\u0442\u0456_-\u0421\u0443\u0440\u0435\u0442-2023-09-28-15.34.26.jpg 1181w\" sizes=\"auto, (max-width: 350px) 100vw, 350px\" \/><\/p>\n<p>F\u00f6rfattare, dramatiker, filmdramatiker, professor, pristagare av Republiken Kazakstans statspris. Han f\u00f6ddes den 20 oktober 1942 i byn Karaspan i distriktet Arys i regionen S\u00f6dra Kazakstan. Far &#8212; Aldabergenov Isabek, stupade i Stalingrad. Mor &#8212; Kumuskul, har l\u00e4mnat v\u00e4rlden tidigt och l\u00e4mnat fem barn f\u00f6r\u00e4ldral\u00f6sa. Han gick ut f\u00f6rsta klass 1949. \u00c5r 1961 gick han in i den filologiska fakulteten vid Kazakstans statliga universitet uppkallat efter S. M. Kirov. Han tog examen som l\u00e4rare i kazakiskt spr\u00e5k och litteratur (1966). Dulat Isabekovs f\u00f6rsta ber\u00e4ttelse &#171;On the Way&#187; inkluderades i samlingen av ber\u00e4ttelser av kazakiska f\u00f6rfattare &#171;Sovremennik&#187; 1963, n\u00e4r han fortfarande studerade vid det tredje \u00e5ret av universitetet. Samma \u00e5r publicerades hans ber\u00e4ttelse &#171;Shoyynkulak&#187; i tre nummer i den tidens mest popul\u00e4ra tidning &#171;Leninshil Zhas&#187; och p\u00e5 samma dag, som de s\u00e4ger, vaknade han upp ber\u00f6md. Och 1966, n\u00e4r han fortfarande studerade vid det sista \u00e5ret av universitetet, publicerades hans separata samling av romaner och ber\u00e4ttelser under titeln &#171;Beket&#187;. Litteraturkritiker i en r\u00f6st noterade hans litter\u00e4ra framg\u00e5ng och m\u00e4rkliga talang. &#171;Beket&#187;, &#171;Gauhar tas&#187;, &#171;Notes of a tenant&#187;, &#171;Restless days&#187;, &#171;Line of communication&#187;, &#171;Wormwood&#187;, &#171;On the outskirts&#187;, &#171;The silent man&#187;, &#171;You did not know the war&#187;, &#171;Transit passenger&#187; och dussintals andra av hans romaner publicerades i tidskrifter och publicerades i separata b\u00f6cker. Och 1980 publicerades hans roman &#171;Kargyn&#187; (&#171;F\u00f6rvirring&#187;), som fram till idag \u00e5tnjuter stor popularitet, s\u00e4rskilt bland unga m\u00e4nniskor. Hans enskilda romaner och ber\u00e4ttelser \u00f6versattes till tyska, ungerska, bulgariska, turkiska, tjeckiska, kinesiska och koreanska. Under titlarna &#171;Faderns hus&#187;, &#171;Novoselie i det gamla huset&#187;, &#171;Transitpassagerare&#187; trycktes i separata b\u00f6cker av Moskvas f\u00f6rlag &#171;Sovjetisk f\u00f6rfattare&#187;, &#171;Rysk bok&#187;, romanen &#171;Kargyn&#187; , &#171;Atamura&#187; (2012); Samling ( i 7 volymer). &#171;Atamura&#187;, 2012; &#171;Gauhar tas&#187;, &#171;Atamura&#187;, 2012; Samling av \u00f6versatta verk, f\u00f6rlag &#171;Audarma&#187;, 2012.<\/p>\n<p>Han \u00e4r f\u00f6rfattare till mer \u00e4n tjugo pj\u00e4ser. Hans pj\u00e4ser spelas ofta p\u00e5 teaterscenerna i Republiken Kazakstan och p\u00e5 teaterscenerna i de tidigare sovjetrepublikerna. Till 70-\u00e5rsdagen av f\u00f6rfattaren i 2012 i Almaty h\u00f6ll en internationell festival av en dramatiker som heter &#171;Isabekovs v\u00e4rld&#187;. F\u00f6rutom de ledande teatrarna i republiken deltog teatrar i Bulgarien, Turkiet, St Petersburg, Omsk, Basjkirien, den ryska akademiska teatern i Dushanbe.<\/p>\n<p>Romanerna och ber\u00e4ttelserna publicerades upprepade g\u00e5nger i Moskva och i de tidigare sovjetrepublikerna. Utvalda romaner och ber\u00e4ttelser har \u00f6versatts till tyska, bulgariska, ungerska, tjeckiska och ungerska spr\u00e5k.<\/p>\n<p>Under 2014 publicerades en separat samling av romaner och ber\u00e4ttelser av D. Isabekov i London under titeln &#171;Pearl and other stories&#187;. 2014 \u0433. Den 7 april sattes hans pj\u00e4s &#171;Transit Passenger&#187; upp i London. F\u00f6r att arbeta med att ansluta den kulturella bron mellan Kazakstan och F\u00f6renade kungariket Storbritannien blev Dulat Isabekov 2014 vinnaren av det internationella Chingiz Aitmatov-priset. 23 april 2015 i London h\u00f6lls presentationen av en ny bok &#171;Vi k\u00e4nde inte krigare&#187;.<\/p>\n<p>\u00c5r 2017 publicerades tv\u00e5 samlingar &#8212; Short Stories och Song of the Swans: Selection of Plays &#8212; p\u00e5 engelska f\u00f6r att uppm\u00e4rksamma f\u00f6rfattarens 75-\u00e5rsdag. Mukhtar Auezov State Academic Drama Theatre framf\u00f6rde Dulat Isabekovs pj\u00e4s Zhauzhurek p\u00e5 Londons scen som en del av festivalen f\u00f6r kazakisk kultur. Dessutom presenterade den statliga republikanska akademiska koreanska teatern en musikalisk komedi &#8212; &#171;The Actress&#187;. Och pj\u00e4sen &#171;Akku Zhibek&#187; framf\u00f6rdes f\u00f6r f\u00f6rsta g\u00e5ngen av en lokal trupp &#8212; brittiska teaterkonstn\u00e4rer p\u00e5 engelska.<\/p>\n<p>Utm\u00e4rkelser: Pristagare av f\u00f6rfattarf\u00f6rbundet uppkallat efter M.Auezov (1985). M. Auezov (1985, f\u00f6r pj\u00e4sen &#171;Heirs&#187;); F\u00f6r boken med romaner och ber\u00e4ttelser &#171;The Truth of Ai-Petri&#187; D. Isabekov tilldelades priset av Writers&#8217; Union uppkallad efter M. Auezov. Isabekov tilldelades det f\u00f6rsta statliga priset i det oberoende Kazakstan 1992; Han \u00e4r pristagare av International Pen Club (1997) och pristagare av det oberoende priset platina &#171;Tarlan&#187; (2006); 2009 &#8212; pj\u00e4sen &#171;Munlyk-Zarlyk&#187; tilldelades ett bidrag fr\u00e5n ministeriet f\u00f6r kultur och information; 2010 &#8212; pj\u00e4sen &#171;Zhauzhurek&#187; tilldelades Grand Prix i t\u00e4vlingen &#171;\u0422\u04d9\u0443\u0435\u043b\u0441\u0456\u0437\u0434\u0456\u043a \u0442\u043e\u043b\u0493\u0430\u0443\u044b&#187;; 2008 &#8212; pj\u00e4sen &#171;Yendi kaytik? &#8230;&#187; bel\u00f6nades med bidrag fr\u00e5n ministeriet f\u00f6r kultur och information; D.Isabekov bel\u00f6nades med medaljen &#171;Leo Tolstoy&#187;, Ryssland (2012); D.Isabekov bel\u00f6nades med medaljen &#171;Leo Tolstoy&#187;. Ryssland (2012); D.Isabekov tilldelades Diploma of the National Academy of Sciences i Republiken Kazakstan (2012) 2012 &#8212; Fick ett gratulationstelegram fr\u00e5n presidenten f\u00f6r Republiken Kazakstan Nursultan Nazarbayev, deltagarna i den internationella teaterfestivalen som h\u00f6lls i staden Almaty, p\u00e5 Isabekovs pj\u00e4ser, d\u00e4r deltog 6 Kazakstan, 6 utl\u00e4ndska teatrar.<\/p>\n<p>Han \u00e4r manusf\u00f6rfattare till flera l\u00e5ngfilmer: &#171;Gauhar tas&#187; (1975); &#171;Wormwood&#187; (1994); &#171;\u00d6de&#187; (p\u00e5 ber\u00e4ttelsen &#171;Tirshilik&#187;, 1998); &#171;Munly\u049b-Zarlyk&#187; animationsfilm, studio (&#171;Zhebe&#187;) (2010); &#171;F\u00e5gel av lycka&#187; &#8212; byr\u00e5 &#171;Khabar&#187; (2011); &#171;Lottery&#187; &#8212; Filmstudio &#171;Kazakhfilm&#187; dem. Sh. Aimanov (2012) och baserat p\u00e5 pj\u00e4sen &#171;Big Sister&#187; filmades flerdelad serie.<\/p>\n<p>D.Isabekov undervisar f\u00f6r n\u00e4rvarande vid KazNAI, uppkallat efter T.K.Zhurgenov, med inriktning p\u00e5 &#171;film- och dramaf\u00f6rfattande&#187; och \u00e4r chefredakt\u00f6r f\u00f6r den republikanska tidskriften &#171;Madeniyet&#187;<\/p>\n","protected":false},"excerpt":{"rendered":"<p>F\u00f6rfattare, dramatiker, filmdramatiker, professor, pristagare av Republiken Kazakstans statspris. Han f\u00f6ddes den 20 oktober 1942 i byn Karaspan i distriktet Arys i regionen S\u00f6dra Kazakstan. Far &#8212; Aldabergenov Isabek, stupade i Stalingrad. Mor &#8212; Kumuskul, har l\u00e4mnat v\u00e4rlden tidigt och l\u00e4mnat fem barn f\u00f6r\u00e4ldral\u00f6sa. Han gick ut f\u00f6rsta klass 1949. \u00c5r 1961 gick han in i den filologiska fakulteten vid &#8230;<\/p>\n","protected":false},"author":1,"featured_media":0,"parent":0,"menu_order":0,"comment_status":"open","ping_status":"open","template":"","meta":{"footnotes":""},"class_list":["post-331","page","type-page","status-publish","hentry"],"_links":{"self":[{"href":"https:\/\/isabekov.com\/index.php?rest_route=\/wp\/v2\/pages\/331","targetHints":{"allow":["GET"]}}],"collection":[{"href":"https:\/\/isabekov.com\/index.php?rest_route=\/wp\/v2\/pages"}],"about":[{"href":"https:\/\/isabekov.com\/index.php?rest_route=\/wp\/v2\/types\/page"}],"author":[{"embeddable":true,"href":"https:\/\/isabekov.com\/index.php?rest_route=\/wp\/v2\/users\/1"}],"replies":[{"embeddable":true,"href":"https:\/\/isabekov.com\/index.php?rest_route=%2Fwp%2Fv2%2Fcomments&post=331"}],"version-history":[{"count":2,"href":"https:\/\/isabekov.com\/index.php?rest_route=\/wp\/v2\/pages\/331\/revisions"}],"predecessor-version":[{"id":345,"href":"https:\/\/isabekov.com\/index.php?rest_route=\/wp\/v2\/pages\/331\/revisions\/345"}],"wp:attachment":[{"href":"https:\/\/isabekov.com\/index.php?rest_route=%2Fwp%2Fv2%2Fmedia&parent=331"}],"curies":[{"name":"wp","href":"https:\/\/api.w.org\/{rel}","templated":true}]}}